{"id":46,"date":"2022-01-07T16:00:03","date_gmt":"2022-01-07T15:00:03","guid":{"rendered":"https:\/\/www.lasaintecommunion.com\/?page_id=46"},"modified":"2022-01-07T18:15:03","modified_gmt":"2022-01-07T17:15:03","slug":"reflexions-sur-la-sainte-communion","status":"publish","type":"page","link":"https:\/\/www.lasaintecommunion.com\/","title":{"rendered":"REFLEXIONS SUR LA SAINTE COMMUNION"},"content":{"rendered":"<p>[et_pb_section fb_built=&#8221;1&#8243; _builder_version=&#8221;3.22&#8243; fb_built=&#8221;1&#8243; _i=&#8221;0&#8243; _address=&#8221;0&#8243;][et_pb_row _builder_version=&#8221;3.29.3&#8243; background_size=&#8221;initial&#8221; background_position=&#8221;top_left&#8221; background_repeat=&#8221;repeat&#8221; border_radii=&#8221;on|2px|2px|2px|2px&#8221; _i=&#8221;0&#8243; _address=&#8221;0.0&#8243;][et_pb_column type=&#8221;4_4&#8243; _builder_version=&#8221;3.25&#8243; custom_padding=&#8221;|||&#8221; _i=&#8221;0&#8243; _address=&#8221;0.0.0&#8243; custom_padding__hover=&#8221;|||&#8221;][et_pb_text _builder_version=&#8221;3.29.3&#8243; background_size=&#8221;initial&#8221; background_position=&#8221;top_left&#8221; background_repeat=&#8221;repeat&#8221; transform_scale=&#8221;102%|102%&#8221; custom_margin=&#8221;0px||||false|false&#8221; header_text_shadow_style=&#8221;preset1&#8243; _i=&#8221;0&#8243; _address=&#8221;0.0.0.0&#8243;]<\/p>\n<h1 style=\"text-align: center;\"><span style=\"color: #333333;\">REFLEXIONS SUR LA SAINTE COMMUNION<\/span><\/h1>\n<p style=\"text-align: center;\"><!-- divi:paragraph --><div class=\"_3d-flip-book  fb3d-fullscreen-mode full-size\" data-id=\"43\" data-mode=\"fullscreen\" data-title=\"false\" data-template=\"short-white-book-view\" data-lightbox=\"dark\" data-urlparam=\"fb3d-page\" data-page-n=\"0\" data-pdf=\"\" data-tax=\"null\" data-thumbnail=\"\" data-cols=\"3\" data-query=\"\"><\/div>\u00a0<\/p>\n<p><!-- \/divi:paragraph --><\/p>\n<p>[\/et_pb_text][et_pb_text _builder_version=&#8221;3.29.3&#8243; custom_margin=&#8221;-52px|||||&#8221; hover_enabled=&#8221;0&#8243; _i=&#8221;1&#8243; _address=&#8221;0.0.0.1&#8243; custom_padding=&#8221;||5px|||&#8221;]<\/p>\n<p style=\"text-align: center;\"><span style=\"color: #3366ff;\"><strong>Vous pouvez consulter en pleine page, t\u00e9l\u00e9charger ou imprimer ce document \u00e0 l&#8217;aide des liens ci-dessus.<\/strong><\/span><\/p>\n<p>[\/et_pb_text][\/et_pb_column][\/et_pb_row][\/et_pb_section]<\/p>\n","protected":false},"excerpt":{"rendered":"<p>[et_pb_section fb_built=&#8221;1&#8243; _builder_version=&#8221;3.22&#8243; fb_built=&#8221;1&#8243; _i=&#8221;0&#8243; _address=&#8221;0&#8243;][et_pb_row _builder_version=&#8221;3.29.3&#8243; background_size=&#8221;initial&#8221; background_position=&#8221;top_left&#8221; background_repeat=&#8221;repeat&#8221; border_radii=&#8221;on|2px|2px|2px|2px&#8221; _i=&#8221;0&#8243; _address=&#8221;0.0&#8243;][et_pb_column type=&#8221;4_4&#8243; _builder_version=&#8221;3.25&#8243; custom_padding=&#8221;|||&#8221; _i=&#8221;0&#8243; _address=&#8221;0.0.0&#8243; custom_padding__hover=&#8221;|||&#8221;][et_pb_text _builder_version=&#8221;3.29.3&#8243; background_size=&#8221;initial&#8221; background_position=&#8221;top_left&#8221; background_repeat=&#8221;repeat&#8221; transform_scale=&#8221;102%|102%&#8221; custom_margin=&#8221;0px||||false|false&#8221; header_text_shadow_style=&#8221;preset1&#8243; _i=&#8221;0&#8243; _address=&#8221;0.0.0.0&#8243;] REFLEXIONS SUR LA SAINTE COMMUNION \u00a0 [\/et_pb_text][et_pb_text _builder_version=&#8221;3.29.3&#8243; custom_margin=&#8221;-52px|||||&#8221; hover_enabled=&#8221;0&#8243; _i=&#8221;1&#8243; _address=&#8221;0.0.0.1&#8243; custom_padding=&#8221;||5px|||&#8221;] Vous pouvez consulter en pleine page, t\u00e9l\u00e9charger ou imprimer ce document \u00e0 l&#8217;aide des [&hellip;]<\/p>\n","protected":false},"author":1,"featured_media":0,"parent":0,"menu_order":0,"comment_status":"closed","ping_status":"closed","template":"","meta":{"_et_pb_use_builder":"on","_et_pb_old_content":"<!-- wp:paragraph -->\n<p>[3d-flip-book id=\"43\" ][\/3d-flip-book]<\/p>\n<!-- \/wp:paragraph -->"},"_links":{"self":[{"href":"https:\/\/www.lasaintecommunion.com\/index.php?rest_route=\/wp\/v2\/pages\/46"}],"collection":[{"href":"https:\/\/www.lasaintecommunion.com\/index.php?rest_route=\/wp\/v2\/pages"}],"about":[{"href":"https:\/\/www.lasaintecommunion.com\/index.php?rest_route=\/wp\/v2\/types\/page"}],"author":[{"embeddable":true,"href":"https:\/\/www.lasaintecommunion.com\/index.php?rest_route=\/wp\/v2\/users\/1"}],"replies":[{"embeddable":true,"href":"https:\/\/www.lasaintecommunion.com\/index.php?rest_route=%2Fwp%2Fv2%2Fcomments&post=46"}],"version-history":[{"count":13,"href":"https:\/\/www.lasaintecommunion.com\/index.php?rest_route=\/wp\/v2\/pages\/46\/revisions"}],"predecessor-version":[{"id":87,"href":"https:\/\/www.lasaintecommunion.com\/index.php?rest_route=\/wp\/v2\/pages\/46\/revisions\/87"}],"wp:attachment":[{"href":"https:\/\/www.lasaintecommunion.com\/index.php?rest_route=%2Fwp%2Fv2%2Fmedia&parent=46"}],"curies":[{"name":"wp","href":"https:\/\/api.w.org\/{rel}","templated":true}]}}